{"id":123,"date":"2019-01-28T17:30:53","date_gmt":"2019-01-28T17:30:53","guid":{"rendered":"http:\/\/tyeimportperu.com\/?page_id=123"},"modified":"2019-04-12T22:54:54","modified_gmt":"2019-04-12T22:54:54","slug":"camiones","status":"publish","type":"page","link":"https:\/\/tyeimportperu.com\/index.php\/camiones\/","title":{"rendered":"Camiones"},"content":{"rendered":"<p>[vc_row css=&#8221;.vc_custom_1553809983242{background-image: url(https:\/\/tyeimportperu.com\/wp-content\/uploads\/2019\/01\/banner-.png?id=112) !important;}&#8221;][vc_column][vc_empty_space height=&#8221;30px&#8221;][vc_column_text]<\/p>\n<h1 style=\"text-align: center;\"><span style=\"color: #f26101;\"><strong><span style=\"vertical-align: inherit;\">Camiones<\/span><\/strong><\/span><\/h1>\n<p>[\/vc_column_text][vc_empty_space height=&#8221;30px&#8221;][\/vc_column][\/vc_row][vc_row][vc_column][vc_empty_space][vc_column_text]<\/p>\n<p style=\"text-align: center;\"><span style=\"vertical-align: inherit;\">Contamos con repuestos para su veh\u00edculo como:<\/span><\/p>\n<p style=\"text-align: center;\"><span style=\"vertical-align: inherit;\">Pistones &#8211; Anillos de pist\u00f3n &#8211; Camisa de motor &#8211; Kit de motor &#8211; Cojinetes &#8211; Empaquetaduras &#8211; V\u00e1lvulas de motor &#8211; Gu\u00edas de motor &#8211; Bombas de agua &#8211; Aceite combustible &#8211; Fajas de Distribuci\u00f3n &#8211; Platos de frenos &#8211; Disco de embrague &#8211; Collarines de embragues &#8211; Culata de motor &#8211; Cigue\u00f1al &#8211; Eje de levas.<\/span><\/p>\n<p>[\/vc_column_text][vc_empty_space][\/vc_column][\/vc_row][vc_row css=&#8221;.vc_custom_1555081665429{background-color: #ffffff !important;}&#8221;][vc_column width=&#8221;1\/2&#8243;][vc_column_text]<\/p>\n<h3 style=\"text-align: center;\"><span style=\"color: #304269;\"><strong><span style=\"vertical-align: inherit;\">Seguridad y garant\u00eda<\/span><\/strong><\/span><\/h3>\n<p>[\/vc_column_text][vc_column_text]<\/p>\n<p style=\"text-align: center;\"><span style=\"color: #304269;\"><strong><span style=\"vertical-align: inherit;\">Todos nuestros repuestos cuentan <\/span><\/strong><\/span><\/p>\n<p style=\"text-align: center;\"><span style=\"color: #304269;\"><strong><span style=\"vertical-align: inherit;\">con garant\u00eda y<\/span><\/strong><\/span><\/p>\n<p style=\"text-align: center;\"><span style=\"color: #304269;\"><strong><span style=\"vertical-align: inherit;\"> la m\u00e1s alta calidad, trabajamos con los mejores <\/span><\/strong><\/span><\/p>\n<p style=\"text-align: center;\"><span style=\"color: #304269;\"><strong><span style=\"vertical-align: inherit;\">Productos importados.<\/span><\/strong><\/span><\/p>\n<p>[\/vc_column_text][\/vc_column][vc_column width=&#8221;1\/2&#8243;][vc_single_image image=&#8221;178&#8243; img_size=&#8221;large&#8221;][\/vc_column][\/vc_row][vc_row][vc_column width=&#8221;1\/3&#8243;][vc_single_image image=&#8221;90&#8243; img_size=&#8221;full&#8221; alignment=&#8221;center&#8221; css_animation=&#8221;fadeIn&#8221;][\/vc_column][vc_column width=&#8221;1\/3&#8243;][vc_single_image image=&#8221;92&#8243; img_size=&#8221;full&#8221; alignment=&#8221;center&#8221; css_animation=&#8221;fadeIn&#8221;][\/vc_column][vc_column width=&#8221;1\/3&#8243;][vc_single_image image=&#8221;100&#8243; img_size=&#8221;full&#8221; alignment=&#8221;center&#8221; css_animation=&#8221;fadeIn&#8221;][\/vc_column][\/vc_row][vc_row][vc_column width=&#8221;1\/3&#8243;][vc_single_image image=&#8221;99&#8243; img_size=&#8221;full&#8221; alignment=&#8221;center&#8221; css_animation=&#8221;fadeIn&#8221;][\/vc_column][vc_column width=&#8221;1\/3&#8243;][vc_single_image image=&#8221;98&#8243; img_size=&#8221;full&#8221; alignment=&#8221;center&#8221; css_animation=&#8221;fadeIn&#8221;][\/vc_column][vc_column width=&#8221;1\/3&#8243;][vc_single_image image=&#8221;94&#8243; img_size=&#8221;full&#8221; alignment=&#8221;center&#8221; css_animation=&#8221;fadeIn&#8221;][\/vc_column][\/vc_row][vc_row][vc_column width=&#8221;1\/3&#8243;][vc_single_image image=&#8221;91&#8243; img_size=&#8221;full&#8221; alignment=&#8221;center&#8221; css_animation=&#8221;fadeIn&#8221;][\/vc_column][vc_column width=&#8221;1\/3&#8243;][vc_single_image image=&#8221;95&#8243; img_size=&#8221;full&#8221; alignment=&#8221;center&#8221; css_animation=&#8221;fadeIn&#8221;][\/vc_column][vc_column width=&#8221;1\/3&#8243;][vc_single_image image=&#8221;70&#8243; img_size=&#8221;full&#8221; alignment=&#8221;center&#8221; css_animation=&#8221;fadeIn&#8221;][\/vc_column][\/vc_row][vc_row][vc_column width=&#8221;1\/3&#8243;][vc_single_image image=&#8221;220&#8243; img_size=&#8221;full&#8221; alignment=&#8221;center&#8221; css_animation=&#8221;fadeIn&#8221;][\/vc_column][vc_column width=&#8221;1\/3&#8243;][vc_single_image image=&#8221;221&#8243; img_size=&#8221;full&#8221; alignment=&#8221;center&#8221; css_animation=&#8221;fadeIn&#8221;][\/vc_column][vc_column width=&#8221;1\/3&#8243;][vc_single_image image=&#8221;222&#8243; img_size=&#8221;full&#8221; alignment=&#8221;center&#8221; css_animation=&#8221;fadeIn&#8221;][\/vc_column][\/vc_row][vc_row][vc_column width=&#8221;1\/3&#8243;][\/vc_column][vc_column width=&#8221;1\/3&#8243;][vc_single_image image=&#8221;223&#8243; img_size=&#8221;full&#8221; alignment=&#8221;center&#8221; css_animation=&#8221;fadeIn&#8221;][\/vc_column][vc_column width=&#8221;1\/3&#8243;][\/vc_column][\/vc_row][vc_row][vc_column][vc_empty_space][vc_cta h2=&#8221;Hey! Si no encontraste aqu\u00ed tu marca de motor. escr\u00edbenos al whatsapp&#8221; add_button=&#8221;bottom&#8221; btn_title=&#8221;Whatsapp&#8221; btn_link=&#8221;url:https%3A%2F%2Fapi.whatsapp.com%2Fsend%3Fphone%3D51952871612%26text%3DTyE%2520Import%2520Per%25C3%25BA|||&#8221;][\/vc_cta][vc_empty_space][\/vc_column][\/vc_row][vc_row][vc_column width=&#8221;1\/2&#8243; css=&#8221;.vc_custom_1555105104997{background-image: url(https:\/\/tyeimportperu.com\/wp-content\/uploads\/2019\/01\/bannerpesada.png?id=115) !important;}&#8221;][vc_column_text]<\/p>\n<h2 style=\"text-align: center;\"><span style=\"color: #f26101;\"><strong><span style=\"vertical-align: inherit;\"><span style=\"vertical-align: inherit;\"><span style=\"vertical-align: inherit;\">Veh\u00edculos pesados<\/span><\/span><\/span><\/strong><\/span><\/h2>\n<p>[\/vc_column_text][vc_btn title=&#8221;Productos&#8221; style=&#8221;outline&#8221; color=&#8221;white&#8221; align=&#8221;center&#8221; link=&#8221;url:https%3A%2F%2Ftyeimportperu.com%2Findex.php%2Fvehiculos-pesados%2F|||&#8221;][\/vc_column][vc_column width=&#8221;1\/2&#8243; css=&#8221;.vc_custom_1555105142019{background-image: url(https:\/\/tyeimportperu.com\/wp-content\/uploads\/2019\/01\/bannercamioneta.png?id=114) !important;}&#8221;][vc_column_text]<\/p>\n<h2 style=\"text-align: center;\"><span style=\"color: #f26101;\"><strong><span style=\"vertical-align: inherit;\"><span style=\"vertical-align: inherit;\"><span style=\"vertical-align: inherit;\"><span style=\"vertical-align: inherit;\"><span style=\"vertical-align: inherit;\">Veh\u00edculos libianos<\/span><\/span><\/span><\/span><\/span><\/strong><\/span><\/h2>\n<p>[\/vc_column_text][vc_btn title=&#8221;Productos&#8221; style=&#8221;outline&#8221; color=&#8221;white&#8221; align=&#8221;center&#8221; link=&#8221;url:https%3A%2F%2Ftyeimportperu.com%2Findex.php%2Fvehiculos-livianos%2F|||&#8221;][\/vc_column][\/vc_row][vc_row][vc_column][vc_empty_space][\/vc_column][\/vc_row][vc_row css=&#8221;.vc_custom_1555086472929{background-color: #f26101 !important;}&#8221;][vc_column width=&#8221;1\/3&#8243;][vc_column_text]<img loading=\"lazy\" decoding=\"async\" class=\"alignnone size-medium wp-image-169\" src=\"https:\/\/tyeimportperu.com\/wp-content\/uploads\/2019\/03\/tyeimporperu-logo-copia_Mesa-de-trabajo-1-copia-300x102.png\" alt=\"\" width=\"300\" height=\"102\" srcset=\"https:\/\/tyeimportperu.com\/wp-content\/uploads\/2019\/03\/tyeimporperu-logo-copia_Mesa-de-trabajo-1-copia-300x102.png 300w, https:\/\/tyeimportperu.com\/wp-content\/uploads\/2019\/03\/tyeimporperu-logo-copia_Mesa-de-trabajo-1-copia.png 416w\" sizes=\"(max-width: 300px) 100vw, 300px\" \/>[\/vc_column_text][\/vc_column][vc_column width=&#8221;1\/3&#8243;][vc_column_text]<img loading=\"lazy\" decoding=\"async\" class=\"alignnone wp-image-150\" src=\"https:\/\/tyeimportperu.com\/wp-content\/uploads\/2019\/01\/telefono-01.png\" alt=\"\" width=\"30\" height=\"30\" srcset=\"https:\/\/tyeimportperu.com\/wp-content\/uploads\/2019\/01\/telefono-01.png 133w, https:\/\/tyeimportperu.com\/wp-content\/uploads\/2019\/01\/telefono-01-60x60.png 60w, https:\/\/tyeimportperu.com\/wp-content\/uploads\/2019\/01\/telefono-01-114x110.png 114w, https:\/\/tyeimportperu.com\/wp-content\/uploads\/2019\/01\/telefono-01-100x100.png 100w\" sizes=\"(max-width: 30px) 100vw, 30px\" \/><span style=\"vertical-align: inherit; color: #ffffff;\"><span style=\"vertical-align: inherit;\">+51 952 871 612<\/span><\/span><\/p>\n<p><img loading=\"lazy\" decoding=\"async\" class=\"alignnone wp-image-151\" src=\"https:\/\/tyeimportperu.com\/wp-content\/uploads\/2019\/01\/arroba-01.png\" alt=\"\" width=\"30\" height=\"35\" \/><span style=\"vertical-align: inherit;\">\u00a0<span style=\"color: #304269;\">ventas@tyeimportperu.com<\/span><\/span>[\/vc_column_text][\/vc_column][vc_column width=&#8221;1\/3&#8243;][vc_column_text]<\/p>\n<h4><span style=\"color: #304269;\"><strong><span style=\"vertical-align: inherit;\">Redes sociales oficiales.<\/span><\/strong><\/span><\/h4>\n<p>[\/vc_column_text][vc_column_text]<a href=\"https:\/\/www.facebook.com\/TyE-Import-Peru-2152851871464934\/?modal=admin_todo_tour\"><img loading=\"lazy\" decoding=\"async\" class=\"alignnone wp-image-160\" src=\"https:\/\/tyeimportperu.com\/wp-content\/uploads\/2019\/01\/13962-01.png\" alt=\"\" width=\"30\" height=\"31\" srcset=\"https:\/\/tyeimportperu.com\/wp-content\/uploads\/2019\/01\/13962-01.png 133w, https:\/\/tyeimportperu.com\/wp-content\/uploads\/2019\/01\/13962-01-60x60.png 60w, https:\/\/tyeimportperu.com\/wp-content\/uploads\/2019\/01\/13962-01-100x100.png 100w\" sizes=\"(max-width: 30px) 100vw, 30px\" \/><\/a><a href=\"https:\/\/api.whatsapp.com\/send?phone=51952871612&amp;text=TyE%20Import%20Per%C3%BA\"><img loading=\"lazy\" decoding=\"async\" class=\"alignnone wp-image-159\" src=\"https:\/\/tyeimportperu.com\/wp-content\/uploads\/2019\/01\/13962-02.png\" alt=\"\" width=\"30\" height=\"31\" srcset=\"https:\/\/tyeimportperu.com\/wp-content\/uploads\/2019\/01\/13962-02.png 137w, https:\/\/tyeimportperu.com\/wp-content\/uploads\/2019\/01\/13962-02-60x60.png 60w, https:\/\/tyeimportperu.com\/wp-content\/uploads\/2019\/01\/13962-02-100x100.png 100w\" sizes=\"(max-width: 30px) 100vw, 30px\" \/><\/a><img loading=\"lazy\" decoding=\"async\" class=\"alignnone wp-image-158\" src=\"https:\/\/tyeimportperu.com\/wp-content\/uploads\/2019\/01\/13962-03.png\" alt=\"\" width=\"30\" height=\"30\" srcset=\"https:\/\/tyeimportperu.com\/wp-content\/uploads\/2019\/01\/13962-03.png 145w, https:\/\/tyeimportperu.com\/wp-content\/uploads\/2019\/01\/13962-03-60x60.png 60w, https:\/\/tyeimportperu.com\/wp-content\/uploads\/2019\/01\/13962-03-114x110.png 114w, https:\/\/tyeimportperu.com\/wp-content\/uploads\/2019\/01\/13962-03-100x100.png 100w\" sizes=\"(max-width: 30px) 100vw, 30px\" \/><img loading=\"lazy\" decoding=\"async\" class=\"alignnone wp-image-157\" src=\"https:\/\/tyeimportperu.com\/wp-content\/uploads\/2019\/01\/13962-04.png\" alt=\"\" width=\"30\" height=\"30\" srcset=\"https:\/\/tyeimportperu.com\/wp-content\/uploads\/2019\/01\/13962-04.png 146w, https:\/\/tyeimportperu.com\/wp-content\/uploads\/2019\/01\/13962-04-60x60.png 60w, https:\/\/tyeimportperu.com\/wp-content\/uploads\/2019\/01\/13962-04-114x110.png 114w, https:\/\/tyeimportperu.com\/wp-content\/uploads\/2019\/01\/13962-04-100x100.png 100w\" sizes=\"(max-width: 30px) 100vw, 30px\" \/>[\/vc_column_text][\/vc_column][\/vc_row][vc_column css=&#8221;. vc_custom_1548696305574 {background-image: url (http:\/\/tyeimportperu.com\/wp-content\/uploads\/2019\/01\/banner-.png?id=112)! important;}&#8221;][\/vc_column][vc_column][\/vc_column]<\/p>\n","protected":false},"excerpt":{"rendered":"<p>[vc_row css=&#8221;.vc_custom_1553809983242{background-image: url(https:\/\/tyeimportperu.com\/wp-content\/uploads\/2019\/01\/banner-.png?id=112) !important;}&#8221;][vc_column][vc_empty_space height=&#8221;30px&#8221;][vc_column_text] Camiones [\/vc_column_text][vc_empty_space height=&#8221;30px&#8221;][\/vc_column][\/vc_row][vc_row][vc_column][vc_empty_space][vc_column_text] Contamos con repuestos para su veh\u00edculo como: Pistones &#8211; Anillos de pist\u00f3n &#8211; Camisa de motor &#8211; Kit de motor &#8211; Cojinetes [&hellip;]<\/p>\n","protected":false},"author":1,"featured_media":0,"parent":0,"menu_order":0,"comment_status":"closed","ping_status":"closed","template":"","meta":{"footnotes":""},"_links":{"self":[{"href":"https:\/\/tyeimportperu.com\/index.php\/wp-json\/wp\/v2\/pages\/123"}],"collection":[{"href":"https:\/\/tyeimportperu.com\/index.php\/wp-json\/wp\/v2\/pages"}],"about":[{"href":"https:\/\/tyeimportperu.com\/index.php\/wp-json\/wp\/v2\/types\/page"}],"author":[{"embeddable":true,"href":"https:\/\/tyeimportperu.com\/index.php\/wp-json\/wp\/v2\/users\/1"}],"replies":[{"embeddable":true,"href":"https:\/\/tyeimportperu.com\/index.php\/wp-json\/wp\/v2\/comments?post=123"}],"version-history":[{"count":17,"href":"https:\/\/tyeimportperu.com\/index.php\/wp-json\/wp\/v2\/pages\/123\/revisions"}],"predecessor-version":[{"id":237,"href":"https:\/\/tyeimportperu.com\/index.php\/wp-json\/wp\/v2\/pages\/123\/revisions\/237"}],"wp:attachment":[{"href":"https:\/\/tyeimportperu.com\/index.php\/wp-json\/wp\/v2\/media?parent=123"}],"curies":[{"name":"wp","href":"https:\/\/api.w.org\/{rel}","templated":true}]}}